{"id":21,"date":"2025-11-13T16:24:47","date_gmt":"2025-11-13T15:24:47","guid":{"rendered":"https:\/\/labs.davidguardo.com\/?page_id=21"},"modified":"2025-11-13T16:24:47","modified_gmt":"2025-11-13T15:24:47","slug":"que-hacemos-en-el-lab","status":"publish","type":"page","link":"https:\/\/labs.davidguardo.com\/index.php\/que-hacemos-en-el-lab\/","title":{"rendered":"\u00bfQu\u00e9 hacemos en el Lab?"},"content":{"rendered":"\n<p>Somos un centro de experimentaci\u00f3n equipado con las herramientas necesarias para llevar a cabo investigaciones, simulaciones y proyectos de car\u00e1cter t\u00e9cnico y creativo.<\/p>\n\n\n\n<ul class=\"wp-block-list\">\n<li><strong>Simulaciones empresariales<\/strong><\/li>\n\n\n\n<li><strong>Talleres de habilidades comunicativas<\/strong><\/li>\n\n\n\n<li><strong>Proyectos de consultor\u00eda para clientes reales (ficticios o reales, si aplica)<\/strong><\/li>\n\n\n\n<li><strong>An\u00e1lisis de casos de \u00e9xito y fracaso<\/strong><\/li>\n\n\n\n<li><strong>Uso de software y tecnolog\u00edas relevantes<\/strong><\/li>\n<\/ul>\n\n\n\n<p><strong>\u00danete a la Experiencia<\/strong><\/p>\n\n\n\n<p>Este laboratorio es para ti: un estudiante proactivo, curioso y con ganas de transformar su futuro. Prep\u00e1rate para debatir, interactuar y, lo m\u00e1s importante,&nbsp;<strong>transformar la realidad<\/strong>&nbsp;a trav\u00e9s de tus aprendizajes.<\/p>\n","protected":false},"excerpt":{"rendered":"<p>Somos un centro de experimentaci\u00f3n equipado con las herramientas necesarias para llevar a cabo investigaciones, simulaciones y proyectos de car\u00e1cter t\u00e9cnico y creativo. \u00danete a la Experiencia Este laboratorio es para ti: un estudiante proactivo, curioso y con ganas de transformar su futuro. Prep\u00e1rate para debatir, interactuar y, lo m\u00e1s importante,&nbsp;transformar la realidad&nbsp;a trav\u00e9s de [&hellip;]<\/p>\n","protected":false},"author":1,"featured_media":0,"parent":0,"menu_order":0,"comment_status":"closed","ping_status":"closed","template":"","meta":{"footnotes":""},"class_list":["post-21","page","type-page","status-publish","hentry"],"_links":{"self":[{"href":"https:\/\/labs.davidguardo.com\/index.php\/wp-json\/wp\/v2\/pages\/21","targetHints":{"allow":["GET"]}}],"collection":[{"href":"https:\/\/labs.davidguardo.com\/index.php\/wp-json\/wp\/v2\/pages"}],"about":[{"href":"https:\/\/labs.davidguardo.com\/index.php\/wp-json\/wp\/v2\/types\/page"}],"author":[{"embeddable":true,"href":"https:\/\/labs.davidguardo.com\/index.php\/wp-json\/wp\/v2\/users\/1"}],"replies":[{"embeddable":true,"href":"https:\/\/labs.davidguardo.com\/index.php\/wp-json\/wp\/v2\/comments?post=21"}],"version-history":[{"count":1,"href":"https:\/\/labs.davidguardo.com\/index.php\/wp-json\/wp\/v2\/pages\/21\/revisions"}],"predecessor-version":[{"id":23,"href":"https:\/\/labs.davidguardo.com\/index.php\/wp-json\/wp\/v2\/pages\/21\/revisions\/23"}],"wp:attachment":[{"href":"https:\/\/labs.davidguardo.com\/index.php\/wp-json\/wp\/v2\/media?parent=21"}],"curies":[{"name":"wp","href":"https:\/\/api.w.org\/{rel}","templated":true}]}}